{"id":2231,"date":"2025-03-28T19:00:57","date_gmt":"2025-03-28T18:00:57","guid":{"rendered":"https:\/\/eurostarhuman.hu\/?page_id=2231"},"modified":"2025-03-28T19:00:57","modified_gmt":"2025-03-28T18:00:57","slug":"blue-collar-workforce-2","status":"publish","type":"page","link":"https:\/\/eurostarhuman.hu\/en\/blue-collar-workforce-2\/","title":{"rendered":"Blue-collar workforce"},"content":{"rendered":"\t\t<div data-elementor-type=\"wp-page\" data-elementor-id=\"2231\" class=\"elementor elementor-2231 elementor-2230\" data-elementor-post-type=\"page\">\n\t\t\t\t\t\t<section class=\"elementor-section elementor-top-section elementor-element elementor-element-474d0ca elementor-section-full_width elementor-section-height-min-height elementor-section-height-default elementor-section-items-middle\" data-id=\"474d0ca\" data-element_type=\"section\" data-settings=\"{&quot;background_background&quot;:&quot;classic&quot;}\">\n\t\t\t\t\t\t\t<div class=\"elementor-background-overlay\"><\/div>\n\t\t\t\t\t\t\t<div class=\"elementor-container elementor-column-gap-default\">\n\t\t\t\t\t<div class=\"elementor-column elementor-col-100 elementor-top-column elementor-element elementor-element-f82a94d\" data-id=\"f82a94d\" data-element_type=\"column\" data-settings=\"{&quot;background_background&quot;:&quot;classic&quot;}\">\n\t\t\t<div class=\"elementor-widget-wrap elementor-element-populated\">\n\t\t\t\t\t\t<div class=\"elementor-element elementor-element-2f1d363 elementor-widget elementor-widget-heading\" data-id=\"2f1d363\" data-element_type=\"widget\" data-widget_type=\"heading.default\">\n\t\t\t\t<div class=\"elementor-widget-container\">\n\t\t\t<style>\/*! elementor - v3.23.0 - 05-08-2024 *\/\n.elementor-heading-title{padding:0;margin:0;line-height:1}.elementor-widget-heading .elementor-heading-title[class*=elementor-size-]>a{color:inherit;font-size:inherit;line-height:inherit}.elementor-widget-heading .elementor-heading-title.elementor-size-small{font-size:15px}.elementor-widget-heading .elementor-heading-title.elementor-size-medium{font-size:19px}.elementor-widget-heading .elementor-heading-title.elementor-size-large{font-size:29px}.elementor-widget-heading .elementor-heading-title.elementor-size-xl{font-size:39px}.elementor-widget-heading .elementor-heading-title.elementor-size-xxl{font-size:59px}<\/style><h1 class=\"elementor-heading-title elementor-size-default\">K\u00e9kgall\u00e9ros munkaer\u0151<\/h1>\t\t<\/div>\n\t\t\t\t<\/div>\n\t\t\t\t\t<\/div>\n\t\t<\/div>\n\t\t\t\t\t<\/div>\n\t\t<\/section>\n\t\t\t\t<section class=\"elementor-section elementor-top-section elementor-element elementor-element-4c5d824 elementor-section-boxed elementor-section-height-default elementor-section-height-default\" data-id=\"4c5d824\" data-element_type=\"section\" data-settings=\"{&quot;background_background&quot;:&quot;gradient&quot;}\">\n\t\t\t\t\t\t<div class=\"elementor-container elementor-column-gap-default\">\n\t\t\t\t\t<div class=\"elementor-column elementor-col-100 elementor-top-column elementor-element elementor-element-42a832d\" data-id=\"42a832d\" data-element_type=\"column\">\n\t\t\t<div class=\"elementor-widget-wrap elementor-element-populated\">\n\t\t\t\t\t\t<section class=\"elementor-section elementor-inner-section elementor-element elementor-element-19e60d6 elementor-reverse-tablet elementor-reverse-mobile elementor-section-boxed elementor-section-height-default elementor-section-height-default\" data-id=\"19e60d6\" data-element_type=\"section\" data-settings=\"{&quot;background_background&quot;:&quot;classic&quot;}\">\n\t\t\t\t\t\t<div class=\"elementor-container elementor-column-gap-default\">\n\t\t\t\t\t<div class=\"elementor-column elementor-col-50 elementor-inner-column elementor-element elementor-element-89a5b20\" data-id=\"89a5b20\" data-element_type=\"column\">\n\t\t\t<div class=\"elementor-widget-wrap elementor-element-populated\">\n\t\t\t\t\t\t<div class=\"elementor-element elementor-element-1a07e6e elementor-widget elementor-widget-image\" data-id=\"1a07e6e\" data-element_type=\"widget\" data-widget_type=\"image.default\">\n\t\t\t\t<div class=\"elementor-widget-container\">\n\t\t\t<style>\/*! elementor - v3.23.0 - 05-08-2024 *\/\n.elementor-widget-image{text-align:center}.elementor-widget-image a{display:inline-block}.elementor-widget-image a img[src$=\".svg\"]{width:48px}.elementor-widget-image img{vertical-align:middle;display:inline-block}<\/style>\t\t\t\t\t\t\t\t\t\t<img fetchpriority=\"high\" decoding=\"async\" width=\"726\" height=\"484\" src=\"https:\/\/eurostarhuman.hu\/wp-content\/uploads\/2023\/09\/kekgalleros-munkaro-kolcsonzes-.jpg\" class=\"attachment-full size-full wp-image-416\" alt=\"K\u00e9kgall\u00e9ros munkaer\u0151 k\u00f6lcs\u00f6nz\u00e9se\" srcset=\"https:\/\/eurostarhuman.hu\/wp-content\/uploads\/2023\/09\/kekgalleros-munkaro-kolcsonzes-.jpg 726w, https:\/\/eurostarhuman.hu\/wp-content\/uploads\/2023\/09\/kekgalleros-munkaro-kolcsonzes--300x200.jpg 300w\" sizes=\"(max-width: 726px) 100vw, 726px\" \/>\t\t\t\t\t\t\t\t\t\t\t\t\t<\/div>\n\t\t\t\t<\/div>\n\t\t\t\t\t<\/div>\n\t\t<\/div>\n\t\t\t\t<div class=\"elementor-column elementor-col-50 elementor-inner-column elementor-element elementor-element-83a4346\" data-id=\"83a4346\" data-element_type=\"column\">\n\t\t\t<div class=\"elementor-widget-wrap elementor-element-populated\">\n\t\t\t\t\t\t<div class=\"elementor-element elementor-element-99d4dd3 elementor-widget elementor-widget-heading\" data-id=\"99d4dd3\" data-element_type=\"widget\" data-widget_type=\"heading.default\">\n\t\t\t\t<div class=\"elementor-widget-container\">\n\t\t\t<h2 class=\"elementor-heading-title elementor-size-default\">K\u00e9kgall\u00e9ros munkaer\u0151-k\u00f6lcs\u00f6nz\u00e9s<\/h2>\t\t<\/div>\n\t\t\t\t<\/div>\n\t\t\t\t<div class=\"elementor-element elementor-element-65f686a elementor-widget elementor-widget-text-editor\" data-id=\"65f686a\" data-element_type=\"widget\" data-widget_type=\"text-editor.default\">\n\t\t\t\t<div class=\"elementor-widget-container\">\n\t\t\t<style>\/*! elementor - v3.23.0 - 05-08-2024 *\/\n.elementor-widget-text-editor.elementor-drop-cap-view-stacked .elementor-drop-cap{background-color:#69727d;color:#fff}.elementor-widget-text-editor.elementor-drop-cap-view-framed .elementor-drop-cap{color:#69727d;border:3px solid;background-color:transparent}.elementor-widget-text-editor:not(.elementor-drop-cap-view-default) .elementor-drop-cap{margin-top:8px}.elementor-widget-text-editor:not(.elementor-drop-cap-view-default) .elementor-drop-cap-letter{width:1em;height:1em}.elementor-widget-text-editor .elementor-drop-cap{float:left;text-align:center;line-height:1;font-size:50px}.elementor-widget-text-editor .elementor-drop-cap-letter{display:inline-block}<\/style>\t\t\t\t<p>A k\u00e9kgall\u00e9ros munkav\u00e1llal\u00f3k toborz\u00e1sa manaps\u00e1g az egyik legnagyobb kih\u00edv\u00e1s a v\u00e1llalatok sz\u00e1m\u00e1ra: sz\u00e1mtalan alkalommal ugyanis specifikus felt\u00e9telek, valamint egyedi ig\u00e9nyek mer\u00fclnek fel ebben a szektorban, amelyeknek a kiel\u00e9g\u00edt\u00e9se elengedhetetlen ahhoz, hogy a dolgoz\u00f3 munk\u00e1ba tudjon \u00e1llni. Nem besz\u00e9lve a toborz\u00e1si folyamatr\u00f3l, ami nem kis energiabefektet\u00e9st ig\u00e9nyel: nem csak a megfelel\u0151 HR szakemberek kellenek hozz\u00e1, de ide\u00e1lis munkaer\u0151piaci k\u00f6r\u00fclm\u00e9nyek is, illetve rengeteg adminisztr\u00e1ci\u00f3.<\/p>\n<p>T\u00f6bbnyire nem \u00e1ll rendelkez\u00e9sre a sz\u00fcks\u00e9ges l\u00e9tsz\u00e1m a k\u00f6rny\u00e9ken, \u00e9ppen ez\u00e9rt <strong>a toborz\u00e1s orsz\u00e1gosan vagy ak\u00e1r orsz\u00e1ghat\u00e1ron \u00e1t\u00edvelve t\u00f6rt\u00e9nik<\/strong>.<\/p>\n\t\t\t\t\t\t<\/div>\n\t\t\t\t<\/div>\n\t\t\t\t\t<\/div>\n\t\t<\/div>\n\t\t\t\t\t<\/div>\n\t\t<\/section>\n\t\t\t\t\t<\/div>\n\t\t<\/div>\n\t\t\t\t\t<\/div>\n\t\t<\/section>\n\t\t\t\t<section class=\"elementor-section elementor-top-section elementor-element elementor-element-2ff9697 elementor-section-height-min-height elementor-section-boxed elementor-section-height-default elementor-section-items-middle\" data-id=\"2ff9697\" data-element_type=\"section\" data-settings=\"{&quot;background_background&quot;:&quot;classic&quot;}\">\n\t\t\t\t\t\t\t<div class=\"elementor-background-overlay\"><\/div>\n\t\t\t\t\t\t\t<div class=\"elementor-container elementor-column-gap-default\">\n\t\t\t\t\t<div class=\"elementor-column elementor-col-100 elementor-top-column elementor-element elementor-element-b21a4c8\" data-id=\"b21a4c8\" data-element_type=\"column\" data-settings=\"{&quot;background_background&quot;:&quot;classic&quot;}\">\n\t\t\t<div class=\"elementor-widget-wrap elementor-element-populated\">\n\t\t\t\t\t\t<div class=\"elementor-element elementor-element-45efb66 elementor-widget elementor-widget-heading\" data-id=\"45efb66\" data-element_type=\"widget\" data-widget_type=\"heading.default\">\n\t\t\t\t<div class=\"elementor-widget-container\">\n\t\t\t<h3 class=\"elementor-heading-title elementor-size-default\">Az Eurostar Human Group leveszi c\u00e9ged v\u00e1ll\u00e1r\u00f3l ezt a terhet! <\/h3>\t\t<\/div>\n\t\t\t\t<\/div>\n\t\t\t\t<div class=\"elementor-element elementor-element-fe630ab elementor-align-center elementor-widget elementor-widget-button\" data-id=\"fe630ab\" data-element_type=\"widget\" data-widget_type=\"button.default\">\n\t\t\t\t<div class=\"elementor-widget-container\">\n\t\t\t\t\t<div class=\"elementor-button-wrapper\">\n\t\t\t<a class=\"elementor-button elementor-button-link elementor-size-sm\" href=\"https:\/\/eurostarhuman.hu\/en\/contact\/\">\n\t\t\t\t\t\t<span class=\"elementor-button-content-wrapper\">\n\t\t\t\t\t\t\t\t\t<span class=\"elementor-button-text\">Vedd fel vel\u00fcnk a kapcsolatot<\/span>\n\t\t\t\t\t<\/span>\n\t\t\t\t\t<\/a>\n\t\t<\/div>\n\t\t\t\t<\/div>\n\t\t\t\t<\/div>\n\t\t\t\t\t<\/div>\n\t\t<\/div>\n\t\t\t\t\t<\/div>\n\t\t<\/section>\n\t\t\t\t<section class=\"elementor-section elementor-top-section elementor-element elementor-element-1684600 elementor-section-boxed elementor-section-height-default elementor-section-height-default\" data-id=\"1684600\" data-element_type=\"section\" data-settings=\"{&quot;background_background&quot;:&quot;gradient&quot;}\">\n\t\t\t\t\t\t<div class=\"elementor-container elementor-column-gap-default\">\n\t\t\t\t\t<div class=\"elementor-column elementor-col-50 elementor-top-column elementor-element elementor-element-53c7860\" data-id=\"53c7860\" data-element_type=\"column\">\n\t\t\t<div class=\"elementor-widget-wrap elementor-element-populated\">\n\t\t\t\t\t\t<div class=\"elementor-element elementor-element-054c9bd elementor-widget elementor-widget-text-editor\" data-id=\"054c9bd\" data-element_type=\"widget\" data-widget_type=\"text-editor.default\">\n\t\t\t\t<div class=\"elementor-widget-container\">\n\t\t\t\t\t\t\t<p>Nem csak az\u00e9rt hat\u00e9kony megold\u00e1s r\u00e1nk b\u00edzni ezt a feladatot, mert mentes\u00fclt\u00f6k egy hatalmas tehert\u0151l, hanem az\u00e9rt is, mert <strong>a k\u00e9kgall\u00e9ros dolgoz\u00f3k toborz\u00e1sa \u00e9s munkaer\u0151-k\u00f6lcs\u00f6nz\u00e9se az egyik f\u0151 profilunk<\/strong>.<\/p>\n<p>Sz\u00e9lesk\u00f6r\u0171 ismeretekkel b\u00edrunk a fizikai munk\u00e1t v\u00e9gz\u0151k ig\u00e9nyeit, motiv\u00e1ci\u00f3it \u00e9s megtart\u00e1sukat illet\u0151en. Enn\u00e9l fogva nem csak a megfelel\u0151 munkaer\u0151 felkutat\u00e1sa, utaztat\u00e1sa \u00e9s elsz\u00e1ll\u00e1sol\u00e1sa lesz megoldva, de sz\u00e1mtalanszor a lemorzsol\u00f3d\u00e1s \u00e9s a fluktu\u00e1ci\u00f3 k\u00e9rd\u00e9sk\u00f6re is.<\/p>\n<p>Ha te is profi munkaer\u0151-k\u00f6lcs\u00f6nz\u0151 c\u00e9gre b\u00edzn\u00e1d a k\u00e9kgall\u00e9ros dolgoz\u00f3k toborz\u00e1s\u00e1t, akkor vedd fel vel\u00fcnk a kapcsolatot, \u00e9s mi mindenben a seg\u00edts\u00e9gedre lesz\u00fcnk!<\/p>\n\t\t\t\t\t\t<\/div>\n\t\t\t\t<\/div>\n\t\t\t\t\t<\/div>\n\t\t<\/div>\n\t\t\t\t<div class=\"elementor-column elementor-col-50 elementor-top-column elementor-element elementor-element-644dd10\" data-id=\"644dd10\" data-element_type=\"column\">\n\t\t\t<div class=\"elementor-widget-wrap elementor-element-populated\">\n\t\t\t\t\t\t<div class=\"elementor-element elementor-element-3883918 elementor-widget elementor-widget-image\" data-id=\"3883918\" data-element_type=\"widget\" data-widget_type=\"image.default\">\n\t\t\t\t<div class=\"elementor-widget-container\">\n\t\t\t\t\t\t\t\t\t\t\t\t\t<img decoding=\"async\" width=\"726\" height=\"484\" src=\"https:\/\/eurostarhuman.hu\/wp-content\/uploads\/2023\/09\/kekgallerosok-.jpg\" class=\"attachment-full size-full wp-image-418\" alt=\"K\u00e9kgall\u00e9ros munkaer\u0151 k\u00f6lcs\u00f6nz\u00e9se\" srcset=\"https:\/\/eurostarhuman.hu\/wp-content\/uploads\/2023\/09\/kekgallerosok-.jpg 726w, https:\/\/eurostarhuman.hu\/wp-content\/uploads\/2023\/09\/kekgallerosok--300x200.jpg 300w\" sizes=\"(max-width: 726px) 100vw, 726px\" \/>\t\t\t\t\t\t\t\t\t\t\t\t\t<\/div>\n\t\t\t\t<\/div>\n\t\t\t\t\t<\/div>\n\t\t<\/div>\n\t\t\t\t\t<\/div>\n\t\t<\/section>\n\t\t\t\t<section class=\"elementor-section elementor-top-section elementor-element elementor-element-3b0dc45 elementor-section-boxed elementor-section-height-default elementor-section-height-default\" data-id=\"3b0dc45\" data-element_type=\"section\" data-settings=\"{&quot;background_background&quot;:&quot;gradient&quot;}\">\n\t\t\t\t\t\t<div class=\"elementor-container elementor-column-gap-default\">\n\t\t\t\t\t<div class=\"elementor-column elementor-col-100 elementor-top-column elementor-element elementor-element-2aa51af\" data-id=\"2aa51af\" data-element_type=\"column\">\n\t\t\t<div class=\"elementor-widget-wrap elementor-element-populated\">\n\t\t\t\t\t\t<div class=\"elementor-element elementor-element-ee84cbf elementor-align-center elementor-widget elementor-widget-button\" data-id=\"ee84cbf\" data-element_type=\"widget\" data-widget_type=\"button.default\">\n\t\t\t\t<div class=\"elementor-widget-container\">\n\t\t\t\t\t<div class=\"elementor-button-wrapper\">\n\t\t\t<a class=\"elementor-button elementor-button-link elementor-size-sm\" href=\"https:\/\/eurostarhuman.hu\/en\/contact\/\">\n\t\t\t\t\t\t<span class=\"elementor-button-content-wrapper\">\n\t\t\t\t\t\t\t\t\t<span class=\"elementor-button-text\">Vedd fel vel\u00fcnk a kapcsolatot<\/span>\n\t\t\t\t\t<\/span>\n\t\t\t\t\t<\/a>\n\t\t<\/div>\n\t\t\t\t<\/div>\n\t\t\t\t<\/div>\n\t\t\t\t\t<\/div>\n\t\t<\/div>\n\t\t\t\t\t<\/div>\n\t\t<\/section>\n\t\t\t\t<\/div>\n\t\t","protected":false},"excerpt":{"rendered":"<p>K\u00e9kgall\u00e9ros munkaer\u0151 K\u00e9kgall\u00e9ros munkaer\u0151-k\u00f6lcs\u00f6nz\u00e9s A k\u00e9kgall\u00e9ros munkav\u00e1llal\u00f3k toborz\u00e1sa manaps\u00e1g az egyik legnagyobb kih\u00edv\u00e1s a v\u00e1llalatok sz\u00e1m\u00e1ra: sz\u00e1mtalan alkalommal ugyanis specifikus felt\u00e9telek, valamint egyedi ig\u00e9nyek mer\u00fclnek fel ebben a szektorban, amelyeknek a kiel\u00e9g\u00edt\u00e9se elengedhetetlen ahhoz, hogy a dolgoz\u00f3 munk\u00e1ba tudjon \u00e1llni. Nem besz\u00e9lve a toborz\u00e1si folyamatr\u00f3l, ami nem kis energiabefektet\u00e9st ig\u00e9nyel: nem csak a megfelel\u0151 HR [&hellip;]<\/p>\n","protected":false},"author":4,"featured_media":0,"parent":0,"menu_order":0,"comment_status":"closed","ping_status":"open","template":"elementor_header_footer","meta":{"footnotes":""},"_links":{"self":[{"href":"https:\/\/eurostarhuman.hu\/en\/wp-json\/wp\/v2\/pages\/2231"}],"collection":[{"href":"https:\/\/eurostarhuman.hu\/en\/wp-json\/wp\/v2\/pages"}],"about":[{"href":"https:\/\/eurostarhuman.hu\/en\/wp-json\/wp\/v2\/types\/page"}],"author":[{"embeddable":true,"href":"https:\/\/eurostarhuman.hu\/en\/wp-json\/wp\/v2\/users\/4"}],"replies":[{"embeddable":true,"href":"https:\/\/eurostarhuman.hu\/en\/wp-json\/wp\/v2\/comments?post=2231"}],"version-history":[{"count":1,"href":"https:\/\/eurostarhuman.hu\/en\/wp-json\/wp\/v2\/pages\/2231\/revisions"}],"predecessor-version":[{"id":2232,"href":"https:\/\/eurostarhuman.hu\/en\/wp-json\/wp\/v2\/pages\/2231\/revisions\/2232"}],"wp:attachment":[{"href":"https:\/\/eurostarhuman.hu\/en\/wp-json\/wp\/v2\/media?parent=2231"}],"curies":[{"name":"wp","href":"https:\/\/api.w.org\/{rel}","templated":true}]}}